{"id":500,"date":"2024-02-06T14:52:42","date_gmt":"2024-02-06T12:52:42","guid":{"rendered":"https:\/\/leitzaran.eus\/?page_id=500"},"modified":"2024-11-29T14:21:48","modified_gmt":"2024-11-29T12:21:48","slug":"cookiy-policy","status":"publish","type":"page","link":"https:\/\/leitzaran.eus\/fr\/cookiy-policy\/","title":{"rendered":"Cookiy Policy"},"content":{"rendered":"<section>\n<div class=\"container\">\n<p>Cookie est un fichier qui est t\u00e9l\u00e9charg\u00e9 sur votre ordinateur lorsque vous acc\u00e9dez \u00e0 certaines pages Web. Les cookies permettent notamment \u00e0 un site Web de stocker et de r\u00e9cup\u00e9rer des informations sur les habitudes de navigation d\u2019un utilisateur ou de son ordinateur et, en fonction des informations qu\u2019ils contiennent et de la fa\u00e7on dont ils utilisent votre ordinateur, ils peuvent \u00eatre utilis\u00e9s pour reconna\u00eetre l\u2019utilisateur. Le navigateur de l\u2019utilisateur m\u00e9morise les cookies sur le disque dur uniquement pendant la session en cours en occupant un espace m\u00e9moire minimal et sans nuire \u00e0 l\u2019ordinateur. Les cookies ne contiennent aucune information personnelle sp\u00e9cifique et la plupart d\u2019entre eux sont effac\u00e9s du disque dur \u00e0 la fin de la session de navigateur (les cookies de session).<\/p>\n<p>La plupart des navigateurs acceptent comme standard les cookies et, ind\u00e9pendamment de ceux-ci, permettent ou emp\u00eachent dans les param\u00e8tres de s\u00e9curit\u00e9 les cookies temporaires ou m\u00e9moris\u00e9s.<\/p>\n<h2><strong>Cookies que nous utilisons sur notre site<\/strong><\/h2>\n<p>\n[wcc_category_list]<\/p>\n<p>&nbsp;<\/p>\n<h2>Gestion des pr\u00e9f\u00e9rences de cookies<\/h2>\n<p>\nVous pouvez modifier vos pr\u00e9f\u00e9rences de cookies \u00e0 tout moment en cliquant sur <a class=\"wcc-preference-btn\" data-tag=\"preference-btn\" style=\"color:#000000; border-color:#000000;\">Pr\u00e9f\u00e9rences de cookies<\/a>. Cela vous permettra de visiter \u00e0 nouveau la banni\u00e8re d&rsquo;acceptation des cookies et de modifier vos pr\u00e9f\u00e9rences ou de retirer votre consentement imm\u00e9diatement. En outre, les navigateurs offrent un certain nombre de m\u00e9thodes pour bloquer et supprimer les cookies utilis\u00e9s par les sites Web. Vous pouvez modifier les param\u00e8tres de votre navigateur pour bloquer\/supprimer les cookies. Vous trouverez ci-dessous les liens vers les documents d&rsquo;aide \u00e0 la gestion et \u00e0 la suppression des cookies des principaux navigateurs Web.<\/p>\n<p>Si vous utilisez un autre navigateur, s&rsquo;il vous pla\u00eet visitez les documents d&rsquo;assistance officiels de votre navigateur.<\/p><\/div>\n<\/section>\n","protected":false},"excerpt":{"rendered":"<p>Cookie est un fichier qui est t\u00e9l\u00e9charg\u00e9 sur votre ordinateur lorsque vous acc\u00e9dez \u00e0 certaines pages Web. Les cookies permettent notamment \u00e0 un site Web de stocker et de r\u00e9cup\u00e9rer des informations sur les habitudes de navigation d\u2019un utilisateur ou de son ordinateur et, en fonction des informations qu\u2019ils contiennent et de la fa\u00e7on dont [&hellip;]<\/p>\n","protected":false},"author":1,"featured_media":0,"parent":0,"menu_order":0,"comment_status":"closed","ping_status":"closed","template":"template-legala.php","meta":{"_acf_changed":false,"footnotes":""},"class_list":["post-500","page","type-page","status-publish","hentry"],"acf":[],"yoast_head":"<!-- This site is optimized with the Yoast SEO plugin v26.8 - https:\/\/yoast.com\/product\/yoast-seo-wordpress\/ -->\n<title>Cookiy Policy | Leitzaran Grafikak<\/title>\n<meta name=\"robots\" content=\"noindex, nofollow\" \/>\n<meta property=\"og:locale\" content=\"fr_FR\" \/>\n<meta property=\"og:type\" content=\"article\" \/>\n<meta property=\"og:title\" content=\"Cookiy Policy | Leitzaran Grafikak\" \/>\n<meta property=\"og:description\" content=\"Cookie est un fichier qui est t\u00e9l\u00e9charg\u00e9 sur votre ordinateur lorsque vous acc\u00e9dez \u00e0 certaines pages Web. Les cookies permettent notamment \u00e0 un site Web de stocker et de r\u00e9cup\u00e9rer des informations sur les habitudes de navigation d\u2019un utilisateur ou de son ordinateur et, en fonction des informations qu\u2019ils contiennent et de la fa\u00e7on dont [&hellip;]\" \/>\n<meta property=\"og:url\" content=\"https:\/\/leitzaran.eus\/fr\/cookiy-policy\/\" \/>\n<meta property=\"og:site_name\" content=\"Leitzaran Grafikak\" \/>\n<meta property=\"article:modified_time\" content=\"2024-11-29T12:21:48+00:00\" \/>\n<meta name=\"twitter:card\" content=\"summary_large_image\" \/>\n<meta name=\"twitter:label1\" content=\"Dur\u00e9e de lecture estim\u00e9e\" \/>\n\t<meta name=\"twitter:data1\" content=\"2 minutes\" \/>\n<script type=\"application\/ld+json\" class=\"yoast-schema-graph\">{\"@context\":\"https:\/\/schema.org\",\"@graph\":[{\"@type\":\"WebPage\",\"@id\":\"https:\/\/leitzaran.eus\/fr\/cookiy-policy\/\",\"url\":\"https:\/\/leitzaran.eus\/fr\/cookiy-policy\/\",\"name\":\"Cookiy Policy | Leitzaran Grafikak\",\"isPartOf\":{\"@id\":\"https:\/\/leitzaran.eus\/fr\/#website\"},\"datePublished\":\"2024-02-06T12:52:42+00:00\",\"dateModified\":\"2024-11-29T12:21:48+00:00\",\"breadcrumb\":{\"@id\":\"https:\/\/leitzaran.eus\/fr\/cookiy-policy\/#breadcrumb\"},\"inLanguage\":\"fr-FR\",\"potentialAction\":[{\"@type\":\"ReadAction\",\"target\":[\"https:\/\/leitzaran.eus\/fr\/cookiy-policy\/\"]}]},{\"@type\":\"BreadcrumbList\",\"@id\":\"https:\/\/leitzaran.eus\/fr\/cookiy-policy\/#breadcrumb\",\"itemListElement\":[{\"@type\":\"ListItem\",\"position\":1,\"name\":\"Home\",\"item\":\"https:\/\/leitzaran.eus\/fr\/\"},{\"@type\":\"ListItem\",\"position\":2,\"name\":\"Cookiy Policy\"}]},{\"@type\":\"WebSite\",\"@id\":\"https:\/\/leitzaran.eus\/fr\/#website\",\"url\":\"https:\/\/leitzaran.eus\/fr\/\",\"name\":\"Leitzaran Grafikak\",\"description\":\"Liburu eta aldizkarien diseinua, inprimaketa eta enkoadernaketa\",\"publisher\":{\"@id\":\"https:\/\/leitzaran.eus\/fr\/#organization\"},\"potentialAction\":[{\"@type\":\"SearchAction\",\"target\":{\"@type\":\"EntryPoint\",\"urlTemplate\":\"https:\/\/leitzaran.eus\/fr\/?s={search_term_string}\"},\"query-input\":{\"@type\":\"PropertyValueSpecification\",\"valueRequired\":true,\"valueName\":\"search_term_string\"}}],\"inLanguage\":\"fr-FR\"},{\"@type\":\"Organization\",\"@id\":\"https:\/\/leitzaran.eus\/fr\/#organization\",\"name\":\"Leitzaran Grafikak\",\"url\":\"https:\/\/leitzaran.eus\/fr\/\",\"logo\":{\"@type\":\"ImageObject\",\"inLanguage\":\"fr-FR\",\"@id\":\"https:\/\/leitzaran.eus\/fr\/#\/schema\/logo\/image\/\",\"url\":\"https:\/\/leitzaran.eus\/wp-content\/uploads\/2024\/01\/logo_leitzaran.png\",\"contentUrl\":\"https:\/\/leitzaran.eus\/wp-content\/uploads\/2024\/01\/logo_leitzaran.png\",\"width\":332,\"height\":93,\"caption\":\"Leitzaran Grafikak\"},\"image\":{\"@id\":\"https:\/\/leitzaran.eus\/fr\/#\/schema\/logo\/image\/\"}}]}<\/script>\n<!-- \/ Yoast SEO plugin. -->","yoast_head_json":{"title":"Cookiy Policy | Leitzaran Grafikak","robots":{"index":"noindex","follow":"nofollow"},"og_locale":"fr_FR","og_type":"article","og_title":"Cookiy Policy | Leitzaran Grafikak","og_description":"Cookie est un fichier qui est t\u00e9l\u00e9charg\u00e9 sur votre ordinateur lorsque vous acc\u00e9dez \u00e0 certaines pages Web. Les cookies permettent notamment \u00e0 un site Web de stocker et de r\u00e9cup\u00e9rer des informations sur les habitudes de navigation d\u2019un utilisateur ou de son ordinateur et, en fonction des informations qu\u2019ils contiennent et de la fa\u00e7on dont [&hellip;]","og_url":"https:\/\/leitzaran.eus\/fr\/cookiy-policy\/","og_site_name":"Leitzaran Grafikak","article_modified_time":"2024-11-29T12:21:48+00:00","twitter_card":"summary_large_image","twitter_misc":{"Dur\u00e9e de lecture estim\u00e9e":"2 minutes"},"schema":{"@context":"https:\/\/schema.org","@graph":[{"@type":"WebPage","@id":"https:\/\/leitzaran.eus\/fr\/cookiy-policy\/","url":"https:\/\/leitzaran.eus\/fr\/cookiy-policy\/","name":"Cookiy Policy | Leitzaran Grafikak","isPartOf":{"@id":"https:\/\/leitzaran.eus\/fr\/#website"},"datePublished":"2024-02-06T12:52:42+00:00","dateModified":"2024-11-29T12:21:48+00:00","breadcrumb":{"@id":"https:\/\/leitzaran.eus\/fr\/cookiy-policy\/#breadcrumb"},"inLanguage":"fr-FR","potentialAction":[{"@type":"ReadAction","target":["https:\/\/leitzaran.eus\/fr\/cookiy-policy\/"]}]},{"@type":"BreadcrumbList","@id":"https:\/\/leitzaran.eus\/fr\/cookiy-policy\/#breadcrumb","itemListElement":[{"@type":"ListItem","position":1,"name":"Home","item":"https:\/\/leitzaran.eus\/fr\/"},{"@type":"ListItem","position":2,"name":"Cookiy Policy"}]},{"@type":"WebSite","@id":"https:\/\/leitzaran.eus\/fr\/#website","url":"https:\/\/leitzaran.eus\/fr\/","name":"Leitzaran Grafikak","description":"Liburu eta aldizkarien diseinua, inprimaketa eta enkoadernaketa","publisher":{"@id":"https:\/\/leitzaran.eus\/fr\/#organization"},"potentialAction":[{"@type":"SearchAction","target":{"@type":"EntryPoint","urlTemplate":"https:\/\/leitzaran.eus\/fr\/?s={search_term_string}"},"query-input":{"@type":"PropertyValueSpecification","valueRequired":true,"valueName":"search_term_string"}}],"inLanguage":"fr-FR"},{"@type":"Organization","@id":"https:\/\/leitzaran.eus\/fr\/#organization","name":"Leitzaran Grafikak","url":"https:\/\/leitzaran.eus\/fr\/","logo":{"@type":"ImageObject","inLanguage":"fr-FR","@id":"https:\/\/leitzaran.eus\/fr\/#\/schema\/logo\/image\/","url":"https:\/\/leitzaran.eus\/wp-content\/uploads\/2024\/01\/logo_leitzaran.png","contentUrl":"https:\/\/leitzaran.eus\/wp-content\/uploads\/2024\/01\/logo_leitzaran.png","width":332,"height":93,"caption":"Leitzaran Grafikak"},"image":{"@id":"https:\/\/leitzaran.eus\/fr\/#\/schema\/logo\/image\/"}}]}},"_links":{"self":[{"href":"https:\/\/leitzaran.eus\/fr\/wp-json\/wp\/v2\/pages\/500","targetHints":{"allow":["GET"]}}],"collection":[{"href":"https:\/\/leitzaran.eus\/fr\/wp-json\/wp\/v2\/pages"}],"about":[{"href":"https:\/\/leitzaran.eus\/fr\/wp-json\/wp\/v2\/types\/page"}],"author":[{"embeddable":true,"href":"https:\/\/leitzaran.eus\/fr\/wp-json\/wp\/v2\/users\/1"}],"replies":[{"embeddable":true,"href":"https:\/\/leitzaran.eus\/fr\/wp-json\/wp\/v2\/comments?post=500"}],"version-history":[{"count":5,"href":"https:\/\/leitzaran.eus\/fr\/wp-json\/wp\/v2\/pages\/500\/revisions"}],"predecessor-version":[{"id":570,"href":"https:\/\/leitzaran.eus\/fr\/wp-json\/wp\/v2\/pages\/500\/revisions\/570"}],"wp:attachment":[{"href":"https:\/\/leitzaran.eus\/fr\/wp-json\/wp\/v2\/media?parent=500"}],"curies":[{"name":"wp","href":"https:\/\/api.w.org\/{rel}","templated":true}]}}