{"id":369,"date":"2024-01-25T18:57:02","date_gmt":"2024-01-25T16:57:02","guid":{"rendered":"https:\/\/leitzaran.eus\/?page_id=369"},"modified":"2024-04-10T17:04:16","modified_gmt":"2024-04-10T15:04:16","slug":"produits","status":"publish","type":"page","link":"https:\/\/leitzaran.eus\/fr\/produits\/","title":{"rendered":"Produits"},"content":{"rendered":"<p>Nous fabriquons tous les produits offerts aujourd&rsquo;hui sur le march\u00e9: livres (reliure rustique, couverture rigide, wire-o, spirales, m\u00e9canis\u00e9e\u2026), magazines, catalogues, diff\u00e9rents supports publicitaires, affiches, papeterie et autres.<\/p>\n","protected":false},"excerpt":{"rendered":"<p>Nous fabriquons tous les produits offerts aujourd&rsquo;hui sur le march\u00e9: livres (reliure rustique, couverture rigide, wire-o, spirales, m\u00e9canis\u00e9e\u2026), magazines, catalogues, diff\u00e9rents supports publicitaires, affiches, papeterie et autres.<\/p>\n","protected":false},"author":1,"featured_media":0,"parent":0,"menu_order":0,"comment_status":"closed","ping_status":"closed","template":"template-proiektuak.php","meta":{"_acf_changed":false,"footnotes":""},"class_list":["post-369","page","type-page","status-publish","hentry"],"acf":[],"yoast_head":"<!-- This site is optimized with the Yoast SEO plugin v26.8 - https:\/\/yoast.com\/product\/yoast-seo-wordpress\/ -->\n<title>Produits | Leitzaran Grafikak<\/title>\n<meta name=\"robots\" content=\"index, follow, max-snippet:-1, max-image-preview:large, max-video-preview:-1\" \/>\n<link rel=\"canonical\" href=\"https:\/\/leitzaran.eus\/fr\/produits\/\" \/>\n<meta property=\"og:locale\" content=\"fr_FR\" \/>\n<meta property=\"og:type\" content=\"article\" \/>\n<meta property=\"og:title\" content=\"Produits | Leitzaran Grafikak\" \/>\n<meta property=\"og:description\" content=\"Nous fabriquons tous les produits offerts aujourd&rsquo;hui sur le march\u00e9: livres (reliure rustique, couverture rigide, wire-o, spirales, m\u00e9canis\u00e9e\u2026), magazines, catalogues, diff\u00e9rents supports publicitaires, affiches, papeterie et autres.\" \/>\n<meta property=\"og:url\" content=\"https:\/\/leitzaran.eus\/fr\/produits\/\" \/>\n<meta property=\"og:site_name\" content=\"Leitzaran Grafikak\" \/>\n<meta property=\"article:modified_time\" content=\"2024-04-10T15:04:16+00:00\" \/>\n<meta name=\"twitter:card\" content=\"summary_large_image\" \/>\n<meta name=\"twitter:label1\" content=\"Dur\u00e9e de lecture estim\u00e9e\" \/>\n\t<meta name=\"twitter:data1\" content=\"1 minute\" \/>\n<script type=\"application\/ld+json\" class=\"yoast-schema-graph\">{\"@context\":\"https:\/\/schema.org\",\"@graph\":[{\"@type\":\"WebPage\",\"@id\":\"https:\/\/leitzaran.eus\/fr\/produits\/\",\"url\":\"https:\/\/leitzaran.eus\/fr\/produits\/\",\"name\":\"Produits | Leitzaran Grafikak\",\"isPartOf\":{\"@id\":\"https:\/\/leitzaran.eus\/fr\/#website\"},\"datePublished\":\"2024-01-25T16:57:02+00:00\",\"dateModified\":\"2024-04-10T15:04:16+00:00\",\"breadcrumb\":{\"@id\":\"https:\/\/leitzaran.eus\/fr\/produits\/#breadcrumb\"},\"inLanguage\":\"fr-FR\",\"potentialAction\":[{\"@type\":\"ReadAction\",\"target\":[\"https:\/\/leitzaran.eus\/fr\/produits\/\"]}]},{\"@type\":\"BreadcrumbList\",\"@id\":\"https:\/\/leitzaran.eus\/fr\/produits\/#breadcrumb\",\"itemListElement\":[{\"@type\":\"ListItem\",\"position\":1,\"name\":\"Home\",\"item\":\"https:\/\/leitzaran.eus\/fr\/\"},{\"@type\":\"ListItem\",\"position\":2,\"name\":\"Produits\"}]},{\"@type\":\"WebSite\",\"@id\":\"https:\/\/leitzaran.eus\/fr\/#website\",\"url\":\"https:\/\/leitzaran.eus\/fr\/\",\"name\":\"Leitzaran Grafikak\",\"description\":\"Liburu eta aldizkarien diseinua, inprimaketa eta enkoadernaketa\",\"publisher\":{\"@id\":\"https:\/\/leitzaran.eus\/fr\/#organization\"},\"potentialAction\":[{\"@type\":\"SearchAction\",\"target\":{\"@type\":\"EntryPoint\",\"urlTemplate\":\"https:\/\/leitzaran.eus\/fr\/?s={search_term_string}\"},\"query-input\":{\"@type\":\"PropertyValueSpecification\",\"valueRequired\":true,\"valueName\":\"search_term_string\"}}],\"inLanguage\":\"fr-FR\"},{\"@type\":\"Organization\",\"@id\":\"https:\/\/leitzaran.eus\/fr\/#organization\",\"name\":\"Leitzaran Grafikak\",\"url\":\"https:\/\/leitzaran.eus\/fr\/\",\"logo\":{\"@type\":\"ImageObject\",\"inLanguage\":\"fr-FR\",\"@id\":\"https:\/\/leitzaran.eus\/fr\/#\/schema\/logo\/image\/\",\"url\":\"https:\/\/leitzaran.eus\/wp-content\/uploads\/2024\/01\/logo_leitzaran.png\",\"contentUrl\":\"https:\/\/leitzaran.eus\/wp-content\/uploads\/2024\/01\/logo_leitzaran.png\",\"width\":332,\"height\":93,\"caption\":\"Leitzaran Grafikak\"},\"image\":{\"@id\":\"https:\/\/leitzaran.eus\/fr\/#\/schema\/logo\/image\/\"}}]}<\/script>\n<!-- \/ Yoast SEO plugin. -->","yoast_head_json":{"title":"Produits | Leitzaran Grafikak","robots":{"index":"index","follow":"follow","max-snippet":"max-snippet:-1","max-image-preview":"max-image-preview:large","max-video-preview":"max-video-preview:-1"},"canonical":"https:\/\/leitzaran.eus\/fr\/produits\/","og_locale":"fr_FR","og_type":"article","og_title":"Produits | Leitzaran Grafikak","og_description":"Nous fabriquons tous les produits offerts aujourd&rsquo;hui sur le march\u00e9: livres (reliure rustique, couverture rigide, wire-o, spirales, m\u00e9canis\u00e9e\u2026), magazines, catalogues, diff\u00e9rents supports publicitaires, affiches, papeterie et autres.","og_url":"https:\/\/leitzaran.eus\/fr\/produits\/","og_site_name":"Leitzaran Grafikak","article_modified_time":"2024-04-10T15:04:16+00:00","twitter_card":"summary_large_image","twitter_misc":{"Dur\u00e9e de lecture estim\u00e9e":"1 minute"},"schema":{"@context":"https:\/\/schema.org","@graph":[{"@type":"WebPage","@id":"https:\/\/leitzaran.eus\/fr\/produits\/","url":"https:\/\/leitzaran.eus\/fr\/produits\/","name":"Produits | Leitzaran Grafikak","isPartOf":{"@id":"https:\/\/leitzaran.eus\/fr\/#website"},"datePublished":"2024-01-25T16:57:02+00:00","dateModified":"2024-04-10T15:04:16+00:00","breadcrumb":{"@id":"https:\/\/leitzaran.eus\/fr\/produits\/#breadcrumb"},"inLanguage":"fr-FR","potentialAction":[{"@type":"ReadAction","target":["https:\/\/leitzaran.eus\/fr\/produits\/"]}]},{"@type":"BreadcrumbList","@id":"https:\/\/leitzaran.eus\/fr\/produits\/#breadcrumb","itemListElement":[{"@type":"ListItem","position":1,"name":"Home","item":"https:\/\/leitzaran.eus\/fr\/"},{"@type":"ListItem","position":2,"name":"Produits"}]},{"@type":"WebSite","@id":"https:\/\/leitzaran.eus\/fr\/#website","url":"https:\/\/leitzaran.eus\/fr\/","name":"Leitzaran Grafikak","description":"Liburu eta aldizkarien diseinua, inprimaketa eta enkoadernaketa","publisher":{"@id":"https:\/\/leitzaran.eus\/fr\/#organization"},"potentialAction":[{"@type":"SearchAction","target":{"@type":"EntryPoint","urlTemplate":"https:\/\/leitzaran.eus\/fr\/?s={search_term_string}"},"query-input":{"@type":"PropertyValueSpecification","valueRequired":true,"valueName":"search_term_string"}}],"inLanguage":"fr-FR"},{"@type":"Organization","@id":"https:\/\/leitzaran.eus\/fr\/#organization","name":"Leitzaran Grafikak","url":"https:\/\/leitzaran.eus\/fr\/","logo":{"@type":"ImageObject","inLanguage":"fr-FR","@id":"https:\/\/leitzaran.eus\/fr\/#\/schema\/logo\/image\/","url":"https:\/\/leitzaran.eus\/wp-content\/uploads\/2024\/01\/logo_leitzaran.png","contentUrl":"https:\/\/leitzaran.eus\/wp-content\/uploads\/2024\/01\/logo_leitzaran.png","width":332,"height":93,"caption":"Leitzaran Grafikak"},"image":{"@id":"https:\/\/leitzaran.eus\/fr\/#\/schema\/logo\/image\/"}}]}},"_links":{"self":[{"href":"https:\/\/leitzaran.eus\/fr\/wp-json\/wp\/v2\/pages\/369","targetHints":{"allow":["GET"]}}],"collection":[{"href":"https:\/\/leitzaran.eus\/fr\/wp-json\/wp\/v2\/pages"}],"about":[{"href":"https:\/\/leitzaran.eus\/fr\/wp-json\/wp\/v2\/types\/page"}],"author":[{"embeddable":true,"href":"https:\/\/leitzaran.eus\/fr\/wp-json\/wp\/v2\/users\/1"}],"replies":[{"embeddable":true,"href":"https:\/\/leitzaran.eus\/fr\/wp-json\/wp\/v2\/comments?post=369"}],"version-history":[{"count":3,"href":"https:\/\/leitzaran.eus\/fr\/wp-json\/wp\/v2\/pages\/369\/revisions"}],"predecessor-version":[{"id":418,"href":"https:\/\/leitzaran.eus\/fr\/wp-json\/wp\/v2\/pages\/369\/revisions\/418"}],"wp:attachment":[{"href":"https:\/\/leitzaran.eus\/fr\/wp-json\/wp\/v2\/media?parent=369"}],"curies":[{"name":"wp","href":"https:\/\/api.w.org\/{rel}","templated":true}]}}