{"id":365,"date":"2024-01-25T18:55:54","date_gmt":"2024-01-25T16:55:54","guid":{"rendered":"https:\/\/leitzaran.eus\/?page_id=365"},"modified":"2024-12-09T12:33:32","modified_gmt":"2024-12-09T10:33:32","slug":"entreprise","status":"publish","type":"page","link":"https:\/\/leitzaran.eus\/fr\/","title":{"rendered":"ENTREPRISE"},"content":{"rendered":"","protected":false},"excerpt":{"rendered":"","protected":false},"author":1,"featured_media":0,"parent":0,"menu_order":0,"comment_status":"closed","ping_status":"closed","template":"template-homepage.php","meta":{"_acf_changed":false,"footnotes":""},"class_list":["post-365","page","type-page","status-publish","hentry"],"acf":[],"yoast_head":"<!-- This site is optimized with the Yoast SEO plugin v26.8 - https:\/\/yoast.com\/product\/yoast-seo-wordpress\/ -->\n<title>ENTREPRISE d&#039;impression | Leitzaran Grafikak<\/title>\n<meta name=\"description\" content=\"Leitzaran Grafikak est une entreprise leader en Donostia sp\u00e9cialis\u00e9e dans la conception graphique, l&#039;impression et la reliure. Nous offrons des services de haute qualit\u00e9 pour les livres, magazines, brochures et imprim\u00e9s commerciaux.\" \/>\n<meta name=\"robots\" content=\"index, follow, max-snippet:-1, max-image-preview:large, max-video-preview:-1\" \/>\n<link rel=\"canonical\" href=\"https:\/\/leitzaran.eus\/fr\/\" \/>\n<meta property=\"og:locale\" content=\"fr_FR\" \/>\n<meta property=\"og:type\" content=\"article\" \/>\n<meta property=\"og:title\" content=\"ENTREPRISE d&#039;impression | Leitzaran Grafikak\" \/>\n<meta property=\"og:description\" content=\"Leitzaran Grafikak est une entreprise leader en Donostia sp\u00e9cialis\u00e9e dans la conception graphique, l&#039;impression et la reliure. Nous offrons des services de haute qualit\u00e9 pour les livres, magazines, brochures et imprim\u00e9s commerciaux.\" \/>\n<meta property=\"og:url\" content=\"https:\/\/leitzaran.eus\/fr\/\" \/>\n<meta property=\"og:site_name\" content=\"Leitzaran Grafikak\" \/>\n<meta property=\"article:modified_time\" content=\"2024-12-09T10:33:32+00:00\" \/>\n<meta name=\"twitter:card\" content=\"summary_large_image\" \/>\n<script type=\"application\/ld+json\" class=\"yoast-schema-graph\">{\"@context\":\"https:\/\/schema.org\",\"@graph\":[{\"@type\":\"WebPage\",\"@id\":\"https:\/\/leitzaran.eus\/fr\/\",\"url\":\"https:\/\/leitzaran.eus\/fr\/\",\"name\":\"ENTREPRISE d'impression | Leitzaran Grafikak\",\"isPartOf\":{\"@id\":\"https:\/\/leitzaran.eus\/fr\/#website\"},\"datePublished\":\"2024-01-25T16:55:54+00:00\",\"dateModified\":\"2024-12-09T10:33:32+00:00\",\"description\":\"Leitzaran Grafikak est une entreprise leader en Donostia sp\u00e9cialis\u00e9e dans la conception graphique, l'impression et la reliure. Nous offrons des services de haute qualit\u00e9 pour les livres, magazines, brochures et imprim\u00e9s commerciaux.\",\"breadcrumb\":{\"@id\":\"https:\/\/leitzaran.eus\/fr\/#breadcrumb\"},\"inLanguage\":\"fr-FR\",\"potentialAction\":[{\"@type\":\"ReadAction\",\"target\":[\"https:\/\/leitzaran.eus\/fr\/\"]}]},{\"@type\":\"BreadcrumbList\",\"@id\":\"https:\/\/leitzaran.eus\/fr\/#breadcrumb\",\"itemListElement\":[{\"@type\":\"ListItem\",\"position\":1,\"name\":\"Home\",\"item\":\"https:\/\/leitzaran.eus\/fr\/\"},{\"@type\":\"ListItem\",\"position\":2,\"name\":\"ENTREPRISE\"}]},{\"@type\":\"WebSite\",\"@id\":\"https:\/\/leitzaran.eus\/fr\/#website\",\"url\":\"https:\/\/leitzaran.eus\/fr\/\",\"name\":\"Leitzaran Grafikak\",\"description\":\"Liburu eta aldizkarien diseinua, inprimaketa eta enkoadernaketa\",\"publisher\":{\"@id\":\"https:\/\/leitzaran.eus\/fr\/#organization\"},\"potentialAction\":[{\"@type\":\"SearchAction\",\"target\":{\"@type\":\"EntryPoint\",\"urlTemplate\":\"https:\/\/leitzaran.eus\/fr\/?s={search_term_string}\"},\"query-input\":{\"@type\":\"PropertyValueSpecification\",\"valueRequired\":true,\"valueName\":\"search_term_string\"}}],\"inLanguage\":\"fr-FR\"},{\"@type\":\"Organization\",\"@id\":\"https:\/\/leitzaran.eus\/fr\/#organization\",\"name\":\"Leitzaran Grafikak\",\"url\":\"https:\/\/leitzaran.eus\/fr\/\",\"logo\":{\"@type\":\"ImageObject\",\"inLanguage\":\"fr-FR\",\"@id\":\"https:\/\/leitzaran.eus\/fr\/#\/schema\/logo\/image\/\",\"url\":\"https:\/\/leitzaran.eus\/wp-content\/uploads\/2024\/01\/logo_leitzaran.png\",\"contentUrl\":\"https:\/\/leitzaran.eus\/wp-content\/uploads\/2024\/01\/logo_leitzaran.png\",\"width\":332,\"height\":93,\"caption\":\"Leitzaran Grafikak\"},\"image\":{\"@id\":\"https:\/\/leitzaran.eus\/fr\/#\/schema\/logo\/image\/\"}}]}<\/script>\n<!-- \/ Yoast SEO plugin. -->","yoast_head_json":{"title":"ENTREPRISE d'impression | Leitzaran Grafikak","description":"Leitzaran Grafikak est une entreprise leader en Donostia sp\u00e9cialis\u00e9e dans la conception graphique, l'impression et la reliure. Nous offrons des services de haute qualit\u00e9 pour les livres, magazines, brochures et imprim\u00e9s commerciaux.","robots":{"index":"index","follow":"follow","max-snippet":"max-snippet:-1","max-image-preview":"max-image-preview:large","max-video-preview":"max-video-preview:-1"},"canonical":"https:\/\/leitzaran.eus\/fr\/","og_locale":"fr_FR","og_type":"article","og_title":"ENTREPRISE d'impression | Leitzaran Grafikak","og_description":"Leitzaran Grafikak est une entreprise leader en Donostia sp\u00e9cialis\u00e9e dans la conception graphique, l'impression et la reliure. Nous offrons des services de haute qualit\u00e9 pour les livres, magazines, brochures et imprim\u00e9s commerciaux.","og_url":"https:\/\/leitzaran.eus\/fr\/","og_site_name":"Leitzaran Grafikak","article_modified_time":"2024-12-09T10:33:32+00:00","twitter_card":"summary_large_image","schema":{"@context":"https:\/\/schema.org","@graph":[{"@type":"WebPage","@id":"https:\/\/leitzaran.eus\/fr\/","url":"https:\/\/leitzaran.eus\/fr\/","name":"ENTREPRISE d'impression | Leitzaran Grafikak","isPartOf":{"@id":"https:\/\/leitzaran.eus\/fr\/#website"},"datePublished":"2024-01-25T16:55:54+00:00","dateModified":"2024-12-09T10:33:32+00:00","description":"Leitzaran Grafikak est une entreprise leader en Donostia sp\u00e9cialis\u00e9e dans la conception graphique, l'impression et la reliure. Nous offrons des services de haute qualit\u00e9 pour les livres, magazines, brochures et imprim\u00e9s commerciaux.","breadcrumb":{"@id":"https:\/\/leitzaran.eus\/fr\/#breadcrumb"},"inLanguage":"fr-FR","potentialAction":[{"@type":"ReadAction","target":["https:\/\/leitzaran.eus\/fr\/"]}]},{"@type":"BreadcrumbList","@id":"https:\/\/leitzaran.eus\/fr\/#breadcrumb","itemListElement":[{"@type":"ListItem","position":1,"name":"Home","item":"https:\/\/leitzaran.eus\/fr\/"},{"@type":"ListItem","position":2,"name":"ENTREPRISE"}]},{"@type":"WebSite","@id":"https:\/\/leitzaran.eus\/fr\/#website","url":"https:\/\/leitzaran.eus\/fr\/","name":"Leitzaran Grafikak","description":"Liburu eta aldizkarien diseinua, inprimaketa eta enkoadernaketa","publisher":{"@id":"https:\/\/leitzaran.eus\/fr\/#organization"},"potentialAction":[{"@type":"SearchAction","target":{"@type":"EntryPoint","urlTemplate":"https:\/\/leitzaran.eus\/fr\/?s={search_term_string}"},"query-input":{"@type":"PropertyValueSpecification","valueRequired":true,"valueName":"search_term_string"}}],"inLanguage":"fr-FR"},{"@type":"Organization","@id":"https:\/\/leitzaran.eus\/fr\/#organization","name":"Leitzaran Grafikak","url":"https:\/\/leitzaran.eus\/fr\/","logo":{"@type":"ImageObject","inLanguage":"fr-FR","@id":"https:\/\/leitzaran.eus\/fr\/#\/schema\/logo\/image\/","url":"https:\/\/leitzaran.eus\/wp-content\/uploads\/2024\/01\/logo_leitzaran.png","contentUrl":"https:\/\/leitzaran.eus\/wp-content\/uploads\/2024\/01\/logo_leitzaran.png","width":332,"height":93,"caption":"Leitzaran Grafikak"},"image":{"@id":"https:\/\/leitzaran.eus\/fr\/#\/schema\/logo\/image\/"}}]}},"_links":{"self":[{"href":"https:\/\/leitzaran.eus\/fr\/wp-json\/wp\/v2\/pages\/365","targetHints":{"allow":["GET"]}}],"collection":[{"href":"https:\/\/leitzaran.eus\/fr\/wp-json\/wp\/v2\/pages"}],"about":[{"href":"https:\/\/leitzaran.eus\/fr\/wp-json\/wp\/v2\/types\/page"}],"author":[{"embeddable":true,"href":"https:\/\/leitzaran.eus\/fr\/wp-json\/wp\/v2\/users\/1"}],"replies":[{"embeddable":true,"href":"https:\/\/leitzaran.eus\/fr\/wp-json\/wp\/v2\/comments?post=365"}],"version-history":[{"count":8,"href":"https:\/\/leitzaran.eus\/fr\/wp-json\/wp\/v2\/pages\/365\/revisions"}],"predecessor-version":[{"id":640,"href":"https:\/\/leitzaran.eus\/fr\/wp-json\/wp\/v2\/pages\/365\/revisions\/640"}],"wp:attachment":[{"href":"https:\/\/leitzaran.eus\/fr\/wp-json\/wp\/v2\/media?parent=365"}],"curies":[{"name":"wp","href":"https:\/\/api.w.org\/{rel}","templated":true}]}}