{"id":321,"date":"2024-01-25T11:35:00","date_gmt":"2024-01-25T09:35:00","guid":{"rendered":"https:\/\/leitzaran.eus\/?page_id=321"},"modified":"2024-12-09T12:32:40","modified_gmt":"2024-12-09T10:32:40","slug":"321-2","status":"publish","type":"page","link":"https:\/\/leitzaran.eus\/es\/","title":{"rendered":"Empresa"},"content":{"rendered":"","protected":false},"excerpt":{"rendered":"","protected":false},"author":1,"featured_media":0,"parent":0,"menu_order":0,"comment_status":"closed","ping_status":"closed","template":"template-homepage.php","meta":{"_acf_changed":false,"footnotes":""},"class_list":["post-321","page","type-page","status-publish","hentry"],"acf":[],"yoast_head":"<!-- This site is optimized with the Yoast SEO plugin v26.8 - https:\/\/yoast.com\/product\/yoast-seo-wordpress\/ -->\n<title>Empresa de impresi\u00f3n y encuadernaci\u00f3n | Leitzaran Grafikak<\/title>\n<meta name=\"description\" content=\"Leitzaran Grafikak es una empresa l\u00edder en Donostia especializada en dise\u00f1o gr\u00e1fico, impresi\u00f3n y encuadernaci\u00f3n. Ofrecemos servicios de alta calidad para libros, revistas, folletos y materiales impresos comerciales.\" \/>\n<meta name=\"robots\" content=\"index, follow, max-snippet:-1, max-image-preview:large, max-video-preview:-1\" \/>\n<link rel=\"canonical\" href=\"https:\/\/leitzaran.eus\/es\/\" \/>\n<meta property=\"og:locale\" content=\"es_ES\" \/>\n<meta property=\"og:type\" content=\"article\" \/>\n<meta property=\"og:title\" content=\"Empresa de impresi\u00f3n y encuadernaci\u00f3n | Leitzaran Grafikak\" \/>\n<meta property=\"og:description\" content=\"Leitzaran Grafikak es una empresa l\u00edder en Donostia especializada en dise\u00f1o gr\u00e1fico, impresi\u00f3n y encuadernaci\u00f3n. Ofrecemos servicios de alta calidad para libros, revistas, folletos y materiales impresos comerciales.\" \/>\n<meta property=\"og:url\" content=\"https:\/\/leitzaran.eus\/es\/\" \/>\n<meta property=\"og:site_name\" content=\"Leitzaran Grafikak\" \/>\n<meta property=\"article:modified_time\" content=\"2024-12-09T10:32:40+00:00\" \/>\n<meta name=\"twitter:card\" content=\"summary_large_image\" \/>\n<script type=\"application\/ld+json\" class=\"yoast-schema-graph\">{\"@context\":\"https:\/\/schema.org\",\"@graph\":[{\"@type\":\"WebPage\",\"@id\":\"https:\/\/leitzaran.eus\/es\/\",\"url\":\"https:\/\/leitzaran.eus\/es\/\",\"name\":\"Empresa de impresi\u00f3n y encuadernaci\u00f3n | Leitzaran Grafikak\",\"isPartOf\":{\"@id\":\"https:\/\/leitzaran.eus\/es\/#website\"},\"datePublished\":\"2024-01-25T09:35:00+00:00\",\"dateModified\":\"2024-12-09T10:32:40+00:00\",\"description\":\"Leitzaran Grafikak es una empresa l\u00edder en Donostia especializada en dise\u00f1o gr\u00e1fico, impresi\u00f3n y encuadernaci\u00f3n. Ofrecemos servicios de alta calidad para libros, revistas, folletos y materiales impresos comerciales.\",\"breadcrumb\":{\"@id\":\"https:\/\/leitzaran.eus\/es\/#breadcrumb\"},\"inLanguage\":\"es\",\"potentialAction\":[{\"@type\":\"ReadAction\",\"target\":[\"https:\/\/leitzaran.eus\/es\/\"]}]},{\"@type\":\"BreadcrumbList\",\"@id\":\"https:\/\/leitzaran.eus\/es\/#breadcrumb\",\"itemListElement\":[{\"@type\":\"ListItem\",\"position\":1,\"name\":\"Home\",\"item\":\"https:\/\/leitzaran.eus\/es\/\"},{\"@type\":\"ListItem\",\"position\":2,\"name\":\"Empresa\"}]},{\"@type\":\"WebSite\",\"@id\":\"https:\/\/leitzaran.eus\/es\/#website\",\"url\":\"https:\/\/leitzaran.eus\/es\/\",\"name\":\"Leitzaran Grafikak\",\"description\":\"Liburu eta aldizkarien diseinua, inprimaketa eta enkoadernaketa\",\"publisher\":{\"@id\":\"https:\/\/leitzaran.eus\/es\/#organization\"},\"potentialAction\":[{\"@type\":\"SearchAction\",\"target\":{\"@type\":\"EntryPoint\",\"urlTemplate\":\"https:\/\/leitzaran.eus\/es\/?s={search_term_string}\"},\"query-input\":{\"@type\":\"PropertyValueSpecification\",\"valueRequired\":true,\"valueName\":\"search_term_string\"}}],\"inLanguage\":\"es\"},{\"@type\":\"Organization\",\"@id\":\"https:\/\/leitzaran.eus\/es\/#organization\",\"name\":\"Leitzaran Grafikak\",\"url\":\"https:\/\/leitzaran.eus\/es\/\",\"logo\":{\"@type\":\"ImageObject\",\"inLanguage\":\"es\",\"@id\":\"https:\/\/leitzaran.eus\/es\/#\/schema\/logo\/image\/\",\"url\":\"https:\/\/leitzaran.eus\/wp-content\/uploads\/2024\/01\/logo_leitzaran.png\",\"contentUrl\":\"https:\/\/leitzaran.eus\/wp-content\/uploads\/2024\/01\/logo_leitzaran.png\",\"width\":332,\"height\":93,\"caption\":\"Leitzaran Grafikak\"},\"image\":{\"@id\":\"https:\/\/leitzaran.eus\/es\/#\/schema\/logo\/image\/\"}}]}<\/script>\n<!-- \/ Yoast SEO plugin. -->","yoast_head_json":{"title":"Empresa de impresi\u00f3n y encuadernaci\u00f3n | Leitzaran Grafikak","description":"Leitzaran Grafikak es una empresa l\u00edder en Donostia especializada en dise\u00f1o gr\u00e1fico, impresi\u00f3n y encuadernaci\u00f3n. Ofrecemos servicios de alta calidad para libros, revistas, folletos y materiales impresos comerciales.","robots":{"index":"index","follow":"follow","max-snippet":"max-snippet:-1","max-image-preview":"max-image-preview:large","max-video-preview":"max-video-preview:-1"},"canonical":"https:\/\/leitzaran.eus\/es\/","og_locale":"es_ES","og_type":"article","og_title":"Empresa de impresi\u00f3n y encuadernaci\u00f3n | Leitzaran Grafikak","og_description":"Leitzaran Grafikak es una empresa l\u00edder en Donostia especializada en dise\u00f1o gr\u00e1fico, impresi\u00f3n y encuadernaci\u00f3n. Ofrecemos servicios de alta calidad para libros, revistas, folletos y materiales impresos comerciales.","og_url":"https:\/\/leitzaran.eus\/es\/","og_site_name":"Leitzaran Grafikak","article_modified_time":"2024-12-09T10:32:40+00:00","twitter_card":"summary_large_image","schema":{"@context":"https:\/\/schema.org","@graph":[{"@type":"WebPage","@id":"https:\/\/leitzaran.eus\/es\/","url":"https:\/\/leitzaran.eus\/es\/","name":"Empresa de impresi\u00f3n y encuadernaci\u00f3n | Leitzaran Grafikak","isPartOf":{"@id":"https:\/\/leitzaran.eus\/es\/#website"},"datePublished":"2024-01-25T09:35:00+00:00","dateModified":"2024-12-09T10:32:40+00:00","description":"Leitzaran Grafikak es una empresa l\u00edder en Donostia especializada en dise\u00f1o gr\u00e1fico, impresi\u00f3n y encuadernaci\u00f3n. Ofrecemos servicios de alta calidad para libros, revistas, folletos y materiales impresos comerciales.","breadcrumb":{"@id":"https:\/\/leitzaran.eus\/es\/#breadcrumb"},"inLanguage":"es","potentialAction":[{"@type":"ReadAction","target":["https:\/\/leitzaran.eus\/es\/"]}]},{"@type":"BreadcrumbList","@id":"https:\/\/leitzaran.eus\/es\/#breadcrumb","itemListElement":[{"@type":"ListItem","position":1,"name":"Home","item":"https:\/\/leitzaran.eus\/es\/"},{"@type":"ListItem","position":2,"name":"Empresa"}]},{"@type":"WebSite","@id":"https:\/\/leitzaran.eus\/es\/#website","url":"https:\/\/leitzaran.eus\/es\/","name":"Leitzaran Grafikak","description":"Liburu eta aldizkarien diseinua, inprimaketa eta enkoadernaketa","publisher":{"@id":"https:\/\/leitzaran.eus\/es\/#organization"},"potentialAction":[{"@type":"SearchAction","target":{"@type":"EntryPoint","urlTemplate":"https:\/\/leitzaran.eus\/es\/?s={search_term_string}"},"query-input":{"@type":"PropertyValueSpecification","valueRequired":true,"valueName":"search_term_string"}}],"inLanguage":"es"},{"@type":"Organization","@id":"https:\/\/leitzaran.eus\/es\/#organization","name":"Leitzaran Grafikak","url":"https:\/\/leitzaran.eus\/es\/","logo":{"@type":"ImageObject","inLanguage":"es","@id":"https:\/\/leitzaran.eus\/es\/#\/schema\/logo\/image\/","url":"https:\/\/leitzaran.eus\/wp-content\/uploads\/2024\/01\/logo_leitzaran.png","contentUrl":"https:\/\/leitzaran.eus\/wp-content\/uploads\/2024\/01\/logo_leitzaran.png","width":332,"height":93,"caption":"Leitzaran Grafikak"},"image":{"@id":"https:\/\/leitzaran.eus\/es\/#\/schema\/logo\/image\/"}}]}},"_links":{"self":[{"href":"https:\/\/leitzaran.eus\/es\/wp-json\/wp\/v2\/pages\/321","targetHints":{"allow":["GET"]}}],"collection":[{"href":"https:\/\/leitzaran.eus\/es\/wp-json\/wp\/v2\/pages"}],"about":[{"href":"https:\/\/leitzaran.eus\/es\/wp-json\/wp\/v2\/types\/page"}],"author":[{"embeddable":true,"href":"https:\/\/leitzaran.eus\/es\/wp-json\/wp\/v2\/users\/1"}],"replies":[{"embeddable":true,"href":"https:\/\/leitzaran.eus\/es\/wp-json\/wp\/v2\/comments?post=321"}],"version-history":[{"count":12,"href":"https:\/\/leitzaran.eus\/es\/wp-json\/wp\/v2\/pages\/321\/revisions"}],"predecessor-version":[{"id":639,"href":"https:\/\/leitzaran.eus\/es\/wp-json\/wp\/v2\/pages\/321\/revisions\/639"}],"wp:attachment":[{"href":"https:\/\/leitzaran.eus\/es\/wp-json\/wp\/v2\/media?parent=321"}],"curies":[{"name":"wp","href":"https:\/\/api.w.org\/{rel}","templated":true}]}}